{"id":3,"date":"2021-03-08T18:40:02","date_gmt":"2021-03-08T17:40:02","guid":{"rendered":"https:\/\/falke.webstart.cc\/shopnaturlehmkeramiker\/datenschutzerklaerung\/"},"modified":"2025-11-20T11:05:00","modified_gmt":"2025-11-20T10:05:00","slug":"datenschutzerklaerung","status":"publish","type":"page","link":"https:\/\/shop.dernaturlehmkeramiker.at\/en\/datenschutzerklaerung\/","title":{"rendered":"Datenschutz &#038; Cookies"},"content":{"rendered":"<p>Der Schutz Ihrer pers\u00f6nlichen Daten ist uns ein besonderes Anliegen. Wir verarbeiten Ihre Daten daher ausschlie\u00dflich auf Grundlage der gesetzlichen Bestimmungen (DSGVO, TKG 2003). Ihnen stehen grunds\u00e4tzlich die Rechte auf Auskunft, Berichtigung, L\u00f6schung, Einschr\u00e4nkung, Daten\u00fcbertragbarkeit, Widerruf und Widerspruch zu, soweit dem keine gesetzliche Aufbewahrungspflicht entgegensteht. Wenn Sie glauben, dass die Verarbeitung Ihrer Daten gegen das Datenschutzrecht verst\u00f6\u00dft oder Ihre datenschutzrechtlichen Anspr\u00fcche sonst in einer Weise verletzt worden sind, melden Sie sich bitte bei uns. Nat\u00fcrlich k\u00f6nnen Sie sich auch bei der Aufsichtsbeh\u00f6rde beschweren. In \u00d6sterreich ist dies die Datenschutzbeh\u00f6rde.<\/p>\n<p>Hier informieren wir Sie \u00fcber die wichtigsten Aspekte der Datenverarbeitung im Rahmen unserer Website:<\/p>\n<h2>Zugriffsdaten\/Logfiles<\/h2>\n<p>Wir (beziehungsweise unser Webspace-Provider) erheben Daten \u00fcber jeden Zugriff auf das Angebot (so genannte Serverlogfiles). Zu den Zugriffsdaten geh\u00f6ren u.a.: Name der abgerufenen Website, Datei, Datum und Uhrzeit des Abrufs, \u00fcbertragene Datenmenge, Meldung \u00fcber erfolgreichen Abruf, Browsertyp und Version, das Betriebssystem des Nutzers, Referrer URL (die zuvor besuchte Seite) und der anfragende Provider. Ihre IP-Adresse wird am Webserver ausnahmslos anonymisiert in den Log-Files gespeichert, so dass keinerlei R\u00fcckschluss von Website-Besuchen zu bestimmten IP-Adressen m\u00f6glich ist.<\/p>\n<p>Wir verwenden die Protokolldaten nur f\u00fcr statistische Auswertungen zum Zweck des Betriebs, der Sicherheit und der Optimierung des Angebotes.\u00a0Wir behalten uns jedoch vor, die Protokolldaten nachtr\u00e4glich zu \u00fcberpr\u00fcfen, wenn aufgrund konkreter Anhaltspunkte der berechtigte Verdacht einer rechtswidrigen Nutzung besteht.<\/p>\n<h2>Formulardaten<\/h2>\n<p>S\u00e4mtliche Formulare in dieser Website dienen in erster Linie zur Kontaktaufnahme des Besuchers mit uns. Alle eingegebenen Daten werden streng vertraulich behandelt und nicht an Dritte weitergegeben. Nach Absenden eines Formulars werden die eingegebenen Daten zwecks Bearbeitung der Anfrage und f\u00fcr den Fall von Anschlussfragen sowohl am Server gespeichert, als auch in einer E-Mail an den Besucher und an den Seitenbetreiber zur weiteren Bearbeitung gesendet. Optionale Eingabefelder werden zur Erleichterung der Kontaktaufnahme und der sp\u00e4teren Korrespondenz angeboten. Wir legen Wert darauf, nur wirklich n\u00f6tige Eingaben als Pflichtfelder zu kennzeichnen.<\/p>\n<p>Anfragen, die zu keinem konkreten Gesch\u00e4ftsfall mit entsprechenden Speicherungsfristen f\u00fchren, werden ebenfalls in unserer Gesch\u00e4ftskontakte-Datenbank gespeichert, um etwaige Korrespondenz bei sp\u00e4teren Anfragen und Gesch\u00e4ftsf\u00e4llen zu erleichtern. Weiters werden diese Daten, sofern wir daraus berechtigtes Interesse f\u00fcr Produkte\/einen Leistungsbereich erkennen k\u00f6nnen, f\u00fcr zuk\u00fcnftige Informationen dar\u00fcber verwendet. Inaktive Kontakte und Anfragedetails werden gem\u00e4\u00df unserer Datenschutzrichtlinien nach einer bestimmten Zeit ab der letzten Korrespondenz gel\u00f6scht.<\/p>\n<h2>Bestellungen im Online-Shop<\/h2>\n<p>Zus\u00e4tzlich zu den oben angef\u00fchrten Hinweisen zu Formulardaten werden Ihre Daten bei Bestellungen im Online-Shop weiters in unserer Software zur Bestellverwaltung und Fakturierung verarbeitet.<\/p>\n<p>Zur Lieferung notwendige Daten wie Adresse oder Kontakt-Telefonnummer werden unserem Versanddienstleister \u00fcbergeben.<\/p>\n<p>S\u00e4mtliche in diesem Prozess involvierte Schritte der Datenverarbeitung erfolgen \u00fcber Unternehmen, die uns die Verarbeitung der Daten nach DSGVO zugesichert haben.<\/p>\n<h2>Verwendung von Cookies<\/h2>\n<p>Unsere Website verwendet so genannte Cookies. Dabei handelt es sich um kleine Textdateien, die mit Hilfe des Browsers auf Ihrem Endger\u00e4t abgelegt werden. Sie richten keinen Schaden an und enthalten keine pers\u00f6nlichen Daten. Wir nutzen Cookies dazu, unser Angebot nutzerfreundlich zu gestalten. Einige Cookies bleiben auf Ihrem Endger\u00e4t gespeichert, bis Sie diese l\u00f6schen. Sie erm\u00f6glichen es uns, Ihren Browser beim n\u00e4chsten Besuch wiederzuerkennen.<\/p>\n<p>Cookies werden sowohl von unserer Website als auch &#8211; wenn Sie dem zustimmen &#8211; von Drittanbieter-Technologien gesetzt. Beim Aufruf unserer Website geben wir Ihnen die M\u00f6glichkeit, zu w\u00e4hlen, ob nur funktionale Cookies oder auch Drittanbieter-Cookies (in Kategorien gestaffelt) im Browser zugelassen werden. Diese Entscheidung wird f\u00fcr maximal ein Jahr gespeichert &#8211; dann k\u00f6nnen Sie erneut die Auswahl treffen.<\/p>\n<div id=\"cmplz-manage-consent-container-nojavascript\">You have loaded the Cookie Policy without javascript support.&nbsp;On AMP, you can use the manage consent button on the bottom of the page.<\/div><div id=\"cmplz-manage-consent-container\" name=\"cmplz-manage-consent-container\" class=\"cmplz-manage-consent-container\"><\/div>\n<p>Auf unserer Website kommen, je nach Einwilligung, nachfolgend aufgef\u00fchrte Cookies\u00a0zum Einsatz:<\/p>\n<div id=\"cmplz-cookies-overview\"><details class=\"cmplz-dropdown cmplz-service-desc cmplz-dropdown-cookiepolicy\">\n\t<summary class=\"cmplz-service-header\"><div>\n\t\t<h3>Elementor<\/h3>\n\t\t<p>Statistics (anonymous)<\/p>\n\t\t<label for=\"cmplz_service_elementor\" class=\"cmplz_consent_per_service_label\"><span class=\"screen-reader-text\">Consent to service elementor<\/span><\/label>\n\t\t<input type=\"checkbox\" id=\"cmplz_service_elementor\" class=\"cmplz-accept-service cmplz-hidden\" data-service=\"elementor\" data-category=\"functional\"><\/div>\n\t<\/summary>\n\t<div class=\"cmplz-service-description\">\n\t\t<h4>Usage<\/h4>\n\t\t<p>We use Elementor for content creation. <a target=\"_blank\" rel=\"noopener noreferrer nofollow\" href=\"https:\/\/cookiedatabase.org\/service\/elementor\/\" aria-label=\"Read more about Elementor service on Cookie Database\">Read more about Elementor<\/a><\/p>\n\t<\/div>\n\t<div class=\"cmplz-sharing-data\">\n\t\t<h4>Sharing data<\/h4>\n\t\t<p>This data is not shared with third parties.<\/p>\n\t<\/div>\n\t<div class=\"cookies-per-purpose\">\n    <div class=\"purpose\"><h4>Statistics (anonymous)<\/h4><\/div>\n    <div class=\"name-header\">\n\t<h5>Name<\/h5>\n<\/div>\n<div class=\"name\"><a target=\"_blank\" rel=\"noopener noreferrer nofollow\" href=\"https:\/\/cookiedatabase.org\/cookie\/elementor\/elementor\/\">elementor<\/a><\/div>\n<div class=\"retention-header\">\n\t<h5>Expiration<\/h5>\n<\/div>\n<div class=\"retention\">persistent<\/div>\n<div class=\"function-header\">\n\t<h5>Function<\/h5>\n<\/div>\n<div class=\"function\">Store performed actions on the website<\/div>\n\n<\/div>\n<\/details>\n<details class=\"cmplz-dropdown cmplz-service-desc cmplz-dropdown-cookiepolicy\">\n\t<summary class=\"cmplz-service-header\"><div>\n\t\t<h3>WordPress<\/h3>\n\t\t<p>Functional<\/p>\n\t\t<label for=\"cmplz_service_wordpress\" class=\"cmplz_consent_per_service_label\"><span class=\"screen-reader-text\">Consent to service wordpress<\/span><\/label>\n\t\t<input type=\"checkbox\" id=\"cmplz_service_wordpress\" class=\"cmplz-accept-service cmplz-hidden\" data-service=\"wordpress\" data-category=\"functional\"><\/div>\n\t<\/summary>\n\t<div class=\"cmplz-service-description\">\n\t\t<h4>Usage<\/h4>\n\t\t<p>We use WordPress for website development. <a target=\"_blank\" rel=\"noopener noreferrer nofollow\" href=\"https:\/\/cookiedatabase.org\/service\/wordpress\/\" aria-label=\"Read more about WordPress service on Cookie Database\">Read more about WordPress<\/a><\/p>\n\t<\/div>\n\t<div class=\"cmplz-sharing-data\">\n\t\t<h4>Sharing data<\/h4>\n\t\t<p>This data is not shared with third parties.<\/p>\n\t<\/div>\n\t<div class=\"cookies-per-purpose\">\n    <div class=\"purpose\"><h4>Functional<\/h4><\/div>\n    <div class=\"name-header\">\n\t<h5>Name<\/h5>\n<\/div>\n<div class=\"name\"><a target=\"_blank\" rel=\"noopener noreferrer nofollow\" href=\"https:\/\/cookiedatabase.org\/cookie\/wordpress\/wordpress_test_cookie\/\">wordpress_test_cookie<\/a><\/div>\n<div class=\"retention-header\">\n\t<h5>Expiration<\/h5>\n<\/div>\n<div class=\"retention\">session<\/div>\n<div class=\"function-header\">\n\t<h5>Function<\/h5>\n<\/div>\n<div class=\"function\">Read if cookies can be placed<\/div>\n<div class=\"name-header\">\n\t<h5>Name<\/h5>\n<\/div>\n<div class=\"name\"><a target=\"_blank\" rel=\"noopener noreferrer nofollow\" href=\"https:\/\/cookiedatabase.org\/cookie\/wordpress\/wordpress_logged_in_\/\">wordpress_logged_in_*<\/a><\/div>\n<div class=\"retention-header\">\n\t<h5>Expiration<\/h5>\n<\/div>\n<div class=\"retention\">persistent<\/div>\n<div class=\"function-header\">\n\t<h5>Function<\/h5>\n<\/div>\n<div class=\"function\">Store logged in users<\/div>\n\n<\/div>\n<\/details>\n<details class=\"cmplz-dropdown cmplz-service-desc cmplz-dropdown-cookiepolicy\">\n\t<summary class=\"cmplz-service-header\"><div>\n\t\t<h3>Wordfence<\/h3>\n\t\t<p>Functional<\/p>\n\t\t<label for=\"cmplz_service_wordfence\" class=\"cmplz_consent_per_service_label\"><span class=\"screen-reader-text\">Consent to service wordfence<\/span><\/label>\n\t\t<input type=\"checkbox\" id=\"cmplz_service_wordfence\" class=\"cmplz-accept-service cmplz-hidden\" data-service=\"wordfence\" data-category=\"functional\"><\/div>\n\t<\/summary>\n\t<div class=\"cmplz-service-description\">\n\t\t<h4>Usage<\/h4>\n\t\t<p>We use Wordfence for security and fraud prevention. <a target=\"_blank\" rel=\"noopener noreferrer nofollow\" href=\"https:\/\/cookiedatabase.org\/service\/wordfence\/\" aria-label=\"Read more about Wordfence service on Cookie Database\">Read more about Wordfence<\/a><\/p>\n\t<\/div>\n\t<div class=\"cmplz-sharing-data\">\n\t\t<h4>Sharing data<\/h4>\n\t\t<p>For more information, please read the <a target=\"_blank\" rel=\"noopener noreferrer nofollow\" href=\"https:\/\/www.wordfence.com\/privacy-policy\/\">Wordfence Privacy Statement<\/a>.<\/p>\n\t<\/div>\n\t<div class=\"cookies-per-purpose\">\n    <div class=\"purpose\"><h4>Functional<\/h4><\/div>\n    <div class=\"name-header\">\n\t<h5>Name<\/h5>\n<\/div>\n<div class=\"name\"><a target=\"_blank\" rel=\"noopener noreferrer nofollow\" href=\"https:\/\/cookiedatabase.org\/cookie\/wordfence\/wfwaf-authcookie\/\">wfwaf-authcookie*<\/a><\/div>\n<div class=\"retention-header\">\n\t<h5>Expiration<\/h5>\n<\/div>\n<div class=\"retention\">1 day<\/div>\n<div class=\"function-header\">\n\t<h5>Function<\/h5>\n<\/div>\n<div class=\"function\">Read to determine if the user is logged in<\/div>\n\n<\/div>\n<\/details>\n<details class=\"cmplz-dropdown cmplz-service-desc cmplz-dropdown-cookiepolicy\">\n\t<summary class=\"cmplz-service-header\"><div>\n\t\t<h3>Miscellaneous<\/h3>\n\t\t<p>Purpose pending investigation<\/p>\n\t\t<label for=\"cmplz_service_miscellaneous\" class=\"cmplz_consent_per_service_label\"><span class=\"screen-reader-text\">Consent to service miscellaneous<\/span><\/label>\n\t\t<input type=\"checkbox\" id=\"cmplz_service_miscellaneous\" class=\"cmplz-accept-service cmplz-hidden\" data-service=\"miscellaneous\" data-category=\"functional\"><\/div>\n\t<\/summary>\n\t<div class=\"cmplz-service-description\">\n\t\t<h4>Usage<\/h4>\n\t\t<p><\/p>\n\t<\/div>\n\t<div class=\"cmplz-sharing-data\">\n\t\t<h4>Sharing data<\/h4>\n\t\t<p>Sharing of data is pending investigation<\/p>\n\t<\/div>\n\t<div class=\"cookies-per-purpose\">\n    <div class=\"purpose\"><h4>Purpose pending investigation<\/h4><\/div>\n    <div class=\"name-header\">\n\t<h5>Name<\/h5>\n<\/div>\n<div class=\"name\">_ga<\/div>\n<div class=\"retention-header\">\n\t<h5>Expiration<\/h5>\n<\/div>\n<div class=\"retention\"><\/div>\n<div class=\"function-header\">\n\t<h5>Function<\/h5>\n<\/div>\n<div class=\"function\"><\/div>\n<div class=\"name-header\">\n\t<h5>Name<\/h5>\n<\/div>\n<div class=\"name\">_gid<\/div>\n<div class=\"retention-header\">\n\t<h5>Expiration<\/h5>\n<\/div>\n<div class=\"retention\"><\/div>\n<div class=\"function-header\">\n\t<h5>Function<\/h5>\n<\/div>\n<div class=\"function\"><\/div>\n<div class=\"name-header\">\n\t<h5>Name<\/h5>\n<\/div>\n<div class=\"name\">falke_bf_cart<\/div>\n<div class=\"retention-header\">\n\t<h5>Expiration<\/h5>\n<\/div>\n<div class=\"retention\"><\/div>\n<div class=\"function-header\">\n\t<h5>Function<\/h5>\n<\/div>\n<div class=\"function\"><\/div>\n<div class=\"name-header\">\n\t<h5>Name<\/h5>\n<\/div>\n<div class=\"name\">cmplz_consented_services<\/div>\n<div class=\"retention-header\">\n\t<h5>Expiration<\/h5>\n<\/div>\n<div class=\"retention\">365 days<\/div>\n<div class=\"function-header\">\n\t<h5>Function<\/h5>\n<\/div>\n<div class=\"function\"><\/div>\n<div class=\"name-header\">\n\t<h5>Name<\/h5>\n<\/div>\n<div class=\"name\">cmplz_policy_id<\/div>\n<div class=\"retention-header\">\n\t<h5>Expiration<\/h5>\n<\/div>\n<div class=\"retention\">365 days<\/div>\n<div class=\"function-header\">\n\t<h5>Function<\/h5>\n<\/div>\n<div class=\"function\"><\/div>\n<div class=\"name-header\">\n\t<h5>Name<\/h5>\n<\/div>\n<div class=\"name\">cmplz_marketing<\/div>\n<div class=\"retention-header\">\n\t<h5>Expiration<\/h5>\n<\/div>\n<div class=\"retention\">365 days<\/div>\n<div class=\"function-header\">\n\t<h5>Function<\/h5>\n<\/div>\n<div class=\"function\"><\/div>\n<div class=\"name-header\">\n\t<h5>Name<\/h5>\n<\/div>\n<div class=\"name\">cmplz_statistics<\/div>\n<div class=\"retention-header\">\n\t<h5>Expiration<\/h5>\n<\/div>\n<div class=\"retention\">365 days<\/div>\n<div class=\"function-header\">\n\t<h5>Function<\/h5>\n<\/div>\n<div class=\"function\"><\/div>\n<div class=\"name-header\">\n\t<h5>Name<\/h5>\n<\/div>\n<div class=\"name\">cmplz_preferences<\/div>\n<div class=\"retention-header\">\n\t<h5>Expiration<\/h5>\n<\/div>\n<div class=\"retention\">365 days<\/div>\n<div class=\"function-header\">\n\t<h5>Function<\/h5>\n<\/div>\n<div class=\"function\"><\/div>\n<div class=\"name-header\">\n\t<h5>Name<\/h5>\n<\/div>\n<div class=\"name\">cmplz_functional<\/div>\n<div class=\"retention-header\">\n\t<h5>Expiration<\/h5>\n<\/div>\n<div class=\"retention\">365 days<\/div>\n<div class=\"function-header\">\n\t<h5>Function<\/h5>\n<\/div>\n<div class=\"function\"><\/div>\n<div class=\"name-header\">\n\t<h5>Name<\/h5>\n<\/div>\n<div class=\"name\">cmplz_banner-status<\/div>\n<div class=\"retention-header\">\n\t<h5>Expiration<\/h5>\n<\/div>\n<div class=\"retention\">365 days<\/div>\n<div class=\"function-header\">\n\t<h5>Function<\/h5>\n<\/div>\n<div class=\"function\"><\/div>\n<div class=\"name-header\">\n\t<h5>Name<\/h5>\n<\/div>\n<div class=\"name\">cmplz_consenttype<\/div>\n<div class=\"retention-header\">\n\t<h5>Expiration<\/h5>\n<\/div>\n<div class=\"retention\">365 days<\/div>\n<div class=\"function-header\">\n\t<h5>Function<\/h5>\n<\/div>\n<div class=\"function\"><\/div>\n<div class=\"name-header\">\n\t<h5>Name<\/h5>\n<\/div>\n<div class=\"name\">e_globals<\/div>\n<div class=\"retention-header\">\n\t<h5>Expiration<\/h5>\n<\/div>\n<div class=\"retention\"><\/div>\n<div class=\"function-header\">\n\t<h5>Function<\/h5>\n<\/div>\n<div class=\"function\"><\/div>\n<div class=\"name-header\">\n\t<h5>Name<\/h5>\n<\/div>\n<div class=\"name\">e_kit-elements-defaults<\/div>\n<div class=\"retention-header\">\n\t<h5>Expiration<\/h5>\n<\/div>\n<div class=\"retention\"><\/div>\n<div class=\"function-header\">\n\t<h5>Function<\/h5>\n<\/div>\n<div class=\"function\"><\/div>\n<div class=\"name-header\">\n\t<h5>Name<\/h5>\n<\/div>\n<div class=\"name\">wpEmojiSettingsSupports<\/div>\n<div class=\"retention-header\">\n\t<h5>Expiration<\/h5>\n<\/div>\n<div class=\"retention\"><\/div>\n<div class=\"function-header\">\n\t<h5>Function<\/h5>\n<\/div>\n<div class=\"function\"><\/div>\n<div class=\"name-header\">\n\t<h5>Name<\/h5>\n<\/div>\n<div class=\"name\">wp_lang<\/div>\n<div class=\"retention-header\">\n\t<h5>Expiration<\/h5>\n<\/div>\n<div class=\"retention\"><\/div>\n<div class=\"function-header\">\n\t<h5>Function<\/h5>\n<\/div>\n<div class=\"function\"><\/div>\n<div class=\"name-header\">\n\t<h5>Name<\/h5>\n<\/div>\n<div class=\"name\">loglevel<\/div>\n<div class=\"retention-header\">\n\t<h5>Expiration<\/h5>\n<\/div>\n<div class=\"retention\"><\/div>\n<div class=\"function-header\">\n\t<h5>Function<\/h5>\n<\/div>\n<div class=\"function\"><\/div>\n\n<\/div>\n<\/details>\n<\/div>\n<p>Dar\u00fcber hinaus k\u00f6nnen Sie Ihren Browser so einrichten, dass er Sie \u00fcber das Setzen von Cookies (insbesondere von Drittanbietern) informiert und Sie dies nur im Einzelfall erlauben. Bei der Deaktivierung von Cookies kann die Funktionalit\u00e4t unserer Website eingeschr\u00e4nkt sein.\u00a0Um herauszufinden, wie Sie das in einem bestimmten Browser machen, k\u00f6nnen Sie die in den Browser integrierte Hilfe-Funktion nutzen oder alternativ\u00a0<a href=\"http:\/\/www.aboutcookies.org\">http:\/\/www.aboutcookies.org<\/a>\u00a0aufrufen. Hier wird Schritt f\u00fcr Schritt erkl\u00e4rt, wie sich Cookies in den meisten g\u00e4ngigen Browsern verwalten und l\u00f6schen lassen.<\/p>\n<h2>Nutzung von Matomo<\/h2>\n<p>Wir nutzen das Webanalyse-Tool Matomo, um anonyme Statistiken \u00fcber die Nutzung unserer Website zu erstellen. Die Verarbeitung erfolgt ohne Cookies und ohne die Erhebung personenbezogener Daten. Ihre IP-Adresse wird unmittelbar nach der Erfassung dauerhaft anonymisiert, sodass kein R\u00fcckschluss auf Ihre Person m\u00f6glich ist.<\/p>\n<p>Die Auswertung der anonymen Nutzungsdaten erfolgt ausschlie\u00dflich zur Verbesserung der Inhalte, Struktur und Nutzerfreundlichkeit unserer Website.<\/p>\n<p>Matomo ist DSGVO-konform konfiguriert und wird auf einem Server in Dresden, Deutschland betrieben. Auf diesem Server sind auch die anonymisierten Nutzungsdaten gespeichert, die automatisch nach sp\u00e4testens 24 Monaten gel\u00f6scht werden.\u00a0Es findet keine Weitergabe der Daten an Dritte und keine Verarbeitung au\u00dferhalb der EU statt.<\/p>","protected":false},"excerpt":{"rendered":"<p>Der Schutz Ihrer pers\u00f6nlichen Daten ist uns ein besonderes Anliegen. Wir verarbeiten Ihre Daten daher ausschlie\u00dflich auf Grundlage der gesetzlichen Bestimmungen (DSGVO, TKG 2003). Ihnen stehen grunds\u00e4tzlich die Rechte auf Auskunft, Berichtigung, L\u00f6schung, Einschr\u00e4nkung, Daten\u00fcbertragbarkeit, Widerruf und Widerspruch zu, soweit dem keine gesetzliche Aufbewahrungspflicht entgegensteht. Wenn Sie glauben, dass die Verarbeitung Ihrer Daten gegen das [&hellip;]<\/p>\n","protected":false},"author":1,"featured_media":0,"parent":0,"menu_order":5,"comment_status":"closed","ping_status":"closed","template":"","meta":{"_acf_changed":false,"footnotes":""},"class_list":["post-3","page","type-page","status-publish","hentry"],"acf":[],"yoast_head":"<!-- This site is optimized with the Yoast SEO plugin v26.8 - https:\/\/yoast.com\/product\/yoast-seo-wordpress\/ -->\n<title>Datenschutz &amp; Cookies - Josef Wieser, der Naturlehmkeramiker<\/title>\n<meta name=\"robots\" content=\"noindex, follow\" \/>\n<meta property=\"og:locale\" content=\"en_US\" \/>\n<meta property=\"og:type\" content=\"article\" \/>\n<meta property=\"og:title\" content=\"Datenschutz &amp; Cookies - Josef Wieser, der Naturlehmkeramiker\" \/>\n<meta property=\"og:description\" content=\"Der Schutz Ihrer pers\u00f6nlichen Daten ist uns ein besonderes Anliegen. Wir verarbeiten Ihre Daten daher ausschlie\u00dflich auf Grundlage der gesetzlichen Bestimmungen (DSGVO, TKG 2003). Ihnen stehen grunds\u00e4tzlich die Rechte auf Auskunft, Berichtigung, L\u00f6schung, Einschr\u00e4nkung, Daten\u00fcbertragbarkeit, Widerruf und Widerspruch zu, soweit dem keine gesetzliche Aufbewahrungspflicht entgegensteht. Wenn Sie glauben, dass die Verarbeitung Ihrer Daten gegen das [&hellip;]\" \/>\n<meta property=\"og:url\" content=\"https:\/\/shop.dernaturlehmkeramiker.at\/en\/datenschutzerklaerung\/\" \/>\n<meta property=\"og:site_name\" content=\"Josef Wieser, der Naturlehmkeramiker\" \/>\n<meta property=\"article:modified_time\" content=\"2025-11-20T10:05:00+00:00\" \/>\n<meta name=\"twitter:card\" content=\"summary_large_image\" \/>\n<meta name=\"twitter:label1\" content=\"Est. reading time\" \/>\n\t<meta name=\"twitter:data1\" content=\"5 minutes\" \/>\n<script type=\"application\/ld+json\" class=\"yoast-schema-graph\">{\"@context\":\"https:\/\/schema.org\",\"@graph\":[{\"@type\":\"WebPage\",\"@id\":\"https:\/\/shop.dernaturlehmkeramiker.at\/datenschutzerklaerung\/\",\"url\":\"https:\/\/shop.dernaturlehmkeramiker.at\/datenschutzerklaerung\/\",\"name\":\"Datenschutz & Cookies - Josef Wieser, der Naturlehmkeramiker\",\"isPartOf\":{\"@id\":\"https:\/\/shop.dernaturlehmkeramiker.at\/#website\"},\"datePublished\":\"2021-03-08T17:40:02+00:00\",\"dateModified\":\"2025-11-20T10:05:00+00:00\",\"breadcrumb\":{\"@id\":\"https:\/\/shop.dernaturlehmkeramiker.at\/datenschutzerklaerung\/#breadcrumb\"},\"inLanguage\":\"en-US\",\"potentialAction\":[{\"@type\":\"ReadAction\",\"target\":[\"https:\/\/shop.dernaturlehmkeramiker.at\/datenschutzerklaerung\/\"]}]},{\"@type\":\"BreadcrumbList\",\"@id\":\"https:\/\/shop.dernaturlehmkeramiker.at\/datenschutzerklaerung\/#breadcrumb\",\"itemListElement\":[{\"@type\":\"ListItem\",\"position\":1,\"name\":\"Startseite \u00bb Online-Shop\",\"item\":\"https:\/\/shop.dernaturlehmkeramiker.at\/\"},{\"@type\":\"ListItem\",\"position\":2,\"name\":\"Datenschutz &#038; Cookies\"}]},{\"@type\":\"WebSite\",\"@id\":\"https:\/\/shop.dernaturlehmkeramiker.at\/#website\",\"url\":\"https:\/\/shop.dernaturlehmkeramiker.at\/\",\"name\":\"Josef Wieser, der Naturlehmkeramiker\",\"description\":\"\",\"potentialAction\":[{\"@type\":\"SearchAction\",\"target\":{\"@type\":\"EntryPoint\",\"urlTemplate\":\"https:\/\/shop.dernaturlehmkeramiker.at\/?s={search_term_string}\"},\"query-input\":{\"@type\":\"PropertyValueSpecification\",\"valueRequired\":true,\"valueName\":\"search_term_string\"}}],\"inLanguage\":\"en-US\"}]}<\/script>\n<!-- \/ Yoast SEO plugin. -->","yoast_head_json":{"title":"Datenschutz & Cookies - Josef Wieser, der Naturlehmkeramiker","robots":{"index":"noindex","follow":"follow"},"og_locale":"en_US","og_type":"article","og_title":"Datenschutz & Cookies - Josef Wieser, der Naturlehmkeramiker","og_description":"Der Schutz Ihrer pers\u00f6nlichen Daten ist uns ein besonderes Anliegen. Wir verarbeiten Ihre Daten daher ausschlie\u00dflich auf Grundlage der gesetzlichen Bestimmungen (DSGVO, TKG 2003). Ihnen stehen grunds\u00e4tzlich die Rechte auf Auskunft, Berichtigung, L\u00f6schung, Einschr\u00e4nkung, Daten\u00fcbertragbarkeit, Widerruf und Widerspruch zu, soweit dem keine gesetzliche Aufbewahrungspflicht entgegensteht. Wenn Sie glauben, dass die Verarbeitung Ihrer Daten gegen das [&hellip;]","og_url":"https:\/\/shop.dernaturlehmkeramiker.at\/en\/datenschutzerklaerung\/","og_site_name":"Josef Wieser, der Naturlehmkeramiker","article_modified_time":"2025-11-20T10:05:00+00:00","twitter_card":"summary_large_image","twitter_misc":{"Est. reading time":"5 minutes"},"schema":{"@context":"https:\/\/schema.org","@graph":[{"@type":"WebPage","@id":"https:\/\/shop.dernaturlehmkeramiker.at\/datenschutzerklaerung\/","url":"https:\/\/shop.dernaturlehmkeramiker.at\/datenschutzerklaerung\/","name":"Datenschutz & Cookies - Josef Wieser, der Naturlehmkeramiker","isPartOf":{"@id":"https:\/\/shop.dernaturlehmkeramiker.at\/#website"},"datePublished":"2021-03-08T17:40:02+00:00","dateModified":"2025-11-20T10:05:00+00:00","breadcrumb":{"@id":"https:\/\/shop.dernaturlehmkeramiker.at\/datenschutzerklaerung\/#breadcrumb"},"inLanguage":"en-US","potentialAction":[{"@type":"ReadAction","target":["https:\/\/shop.dernaturlehmkeramiker.at\/datenschutzerklaerung\/"]}]},{"@type":"BreadcrumbList","@id":"https:\/\/shop.dernaturlehmkeramiker.at\/datenschutzerklaerung\/#breadcrumb","itemListElement":[{"@type":"ListItem","position":1,"name":"Startseite \u00bb Online-Shop","item":"https:\/\/shop.dernaturlehmkeramiker.at\/"},{"@type":"ListItem","position":2,"name":"Datenschutz &#038; Cookies"}]},{"@type":"WebSite","@id":"https:\/\/shop.dernaturlehmkeramiker.at\/#website","url":"https:\/\/shop.dernaturlehmkeramiker.at\/","name":"Josef Wieser, the natural clay ceramist","description":"","potentialAction":[{"@type":"SearchAction","target":{"@type":"EntryPoint","urlTemplate":"https:\/\/shop.dernaturlehmkeramiker.at\/?s={search_term_string}"},"query-input":{"@type":"PropertyValueSpecification","valueRequired":true,"valueName":"search_term_string"}}],"inLanguage":"en-US"}]}},"_links":{"self":[{"href":"https:\/\/shop.dernaturlehmkeramiker.at\/en\/wp-json\/wp\/v2\/pages\/3","targetHints":{"allow":["GET"]}}],"collection":[{"href":"https:\/\/shop.dernaturlehmkeramiker.at\/en\/wp-json\/wp\/v2\/pages"}],"about":[{"href":"https:\/\/shop.dernaturlehmkeramiker.at\/en\/wp-json\/wp\/v2\/types\/page"}],"author":[{"embeddable":true,"href":"https:\/\/shop.dernaturlehmkeramiker.at\/en\/wp-json\/wp\/v2\/users\/1"}],"replies":[{"embeddable":true,"href":"https:\/\/shop.dernaturlehmkeramiker.at\/en\/wp-json\/wp\/v2\/comments?post=3"}],"version-history":[{"count":5,"href":"https:\/\/shop.dernaturlehmkeramiker.at\/en\/wp-json\/wp\/v2\/pages\/3\/revisions"}],"predecessor-version":[{"id":377,"href":"https:\/\/shop.dernaturlehmkeramiker.at\/en\/wp-json\/wp\/v2\/pages\/3\/revisions\/377"}],"wp:attachment":[{"href":"https:\/\/shop.dernaturlehmkeramiker.at\/en\/wp-json\/wp\/v2\/media?parent=3"}],"curies":[{"name":"wp","href":"https:\/\/api.w.org\/{rel}","templated":true}]}}