{"id":139,"date":"2021-03-10T15:31:56","date_gmt":"2021-03-10T14:31:56","guid":{"rendered":"https:\/\/shop.dernaturlehmkeramiker.at\/?page_id=139"},"modified":"2021-03-15T15:57:37","modified_gmt":"2021-03-15T14:57:37","slug":"agb","status":"publish","type":"page","link":"https:\/\/shop.dernaturlehmkeramiker.at\/en\/agb\/","title":{"rendered":"terms of service (german)"},"content":{"rendered":"<h1>Allgemeine Gesch\u00e4ftsbedingungen<\/h1>\n<p>Allgemeine Gesch\u00e4ftsbedingungen Online-Shop dernaturlehmkeramiker.at<\/p>\n<p>Durch Zugriff auf diesen Shop erkl\u00e4ren Sie sich mit den nachfolgenden Nutzungsbedingen (die \u201eGesch\u00e4ftsbedingungen\u201d) einverstanden. Wenn Sie mit diesen Gesch\u00e4ftsbedingungen nicht einverstanden sind, sehen Sie bitte von einer Nutzung des Shops ab.<\/p>\n<p>1. EINVERST\u00c4NDNIS<br \/>\nJosef Wieser, the natural clay ceramist<br \/>\nUnterzeller Stra\u00dfe 78<br \/>\nA-3340 Waidhofen\/Ybbs<\/p>\n<p>Tel +\u00a0Fax:\u00a0+43 (0) 7442 \/ 540 91<\/p>\n<p>(\u201eDer Shopbetreiber\u201c), stellt Ihnen diesen Shop auf Grundlage der folgenden Gesch\u00e4ftsbedingungen zur Verf\u00fcgung. Diese Gesch\u00e4ftsbedingungen k\u00f6nnen zu einem sp\u00e4teren Zeitpunkt vom Shopbetreiber durch die Ver\u00f6ffentlichung aktualisierter Gesch\u00e4ftsbedingungen auf der Website des Shops ge\u00e4ndert werden, ohne dass Sie dar\u00fcber vorab gesondert informiert werden, und f\u00fcr Ihre k\u00fcnftige Nutzung des Shops kommen die dann geltenden Gesch\u00e4ftsbedingungen zu Anwendung. Es wird daher empfohlen, vor jedem Zugriff auf den Shop die Gesch\u00e4ftsbedingungen hinsichtlich einer eventuell durchgef\u00fchrten Aktualisierung zu \u00fcberpr\u00fcfen. Die nachstehenden Gesch\u00e4ftsbedingungen gelten f\u00fcr alle Vertr\u00e4ge, die der Shopbetreiber mit Verbrauchern im Rahmen dieses Online-Shops oder ansonsten im Wege des Fernabsatzes abschlie\u00dft. Verbraucher ist, wer den Vertrag zu einem Zweck abschlie\u00dft, der nicht seiner gewerblichen oder selbstst\u00e4ndigen T\u00e4tigkeit zugerechnet werden kann.<\/p>\n<p>2. VERTRAGSABSCHLUSS<br \/>\n(1) Ihre Bestellung \u00fcber die\u00a0Schaltfl\u00e4che \u201eJetzt kostenpflichtig bestellen\u201c im Shop stellt ein Angebot dar. Ein Vertrag kommt erst nach Annahme durch den Shopbetreiber, sp\u00e4testens mit Versendung der Ware zustande.<\/p>\n<p>(2) Eine Bestellung ist nur m\u00f6glich, wenn alle im Bestellformular mit * gekennzeichneten Pflichtfelder ausgef\u00fcllt sind. Fehlen Angaben oder k\u00f6nnen wir der Bestellung aus sonstigen Gr\u00fcnden nicht nachkommen, erhalten Sie eine Fehlermeldung. Sie haben jederzeit die M\u00f6glichkeit, Ihre Bestellung zu korrigieren. Unterst\u00fctzende Detailinformationen erhalten Sie direkt im Zuge des Bestellvorganges. Sobald der Bestellvorgang abgeschlossen ist, werden Sie dar\u00fcber durch eine entsprechende Information benachrichtigt. Dies stellt noch keine Annahme Ihres Angebots durch den Shopbetreiber dar.<\/p>\n<p>3. EMPFANGSBEST\u00c4TIGUNG<br \/>\nWenn die Bestellung bei uns eingelangt ist, werden Sie \u00fcber die von Ihnen bekannt gegebene E-Mail-Adresse vom Eingang Ihrer Bestellung verst\u00e4ndigt. Diese Verst\u00e4ndigung stellt noch keine Annahme Ihres Angebots dar.<\/p>\n<p>4. ABLEHNUNG DER BESTELLUNG<br \/>\nSollten wir Ihrer Bestellung aus irgendwelchen Gr\u00fcnden nicht nachkommen k\u00f6nnen, werden Sie dar\u00fcber per E-Mail oder, sofern angegeben, Telefon verst\u00e4ndigt.<\/p>\n<p>5. VERTRAGSSPRACHE<br \/>\nDie Vertragssprache ist Deutsch.<\/p>\n<p>6. GEW\u00c4HRLEISTUNG<br \/>\nF\u00fcr alle im Shop angebotenen Produkte gilt die gesetzliche Gew\u00e4hrleistung, sofern nicht explizit bei einem Artikel anders angef\u00fchrt.<\/p>\n<p>7. GARANTIE<br \/>\nSofern nicht bei einem Artikel explizit anders angef\u00fchrt, geben wir keine \u00fcber die gesetzliche Gew\u00e4hrleistung hinausgehende Garantie auf unsere Produkte. Sollten Produkte von anderen Herstellern in diesem Shop eine Herstellergarantie aufweisen, so ist diese g\u00fcltig und direkt mit dem Hersteller abzuwickeln.<\/p>\n<p>8. LIEFERBEDINGUNGEN UND ZIELL\u00c4NDER<\/p>\n<p>(1) Die Standard-Lieferfrist von Waren im Shop betr\u00e4gt aufgrund der Beschaffenheit der Produkte im Regelfall und sofern nicht bei einem Produkt anders angegeben 30 Werktage. Sollte es zu l\u00e4ngeren Lieferzeiten kommen, werden Sie gesondert von uns informiert.<\/p>\n<p>(2) Wir versenden mit der \u00d6sterreichischen Post als Standard Paket.<\/p>\n<p>9. ZAHLUNGSBEDINGUNGEN<br \/>\n(1) Unser Shop akzeptiert zur Zahlung ausschlie\u00dflich nachfolgend angef\u00fchrte Zahlungsmittel, sofern nicht bei einem Produkt oder im Bestellabschluss anders angef\u00fchrt:<\/p>\n<p>Vorauskassa per Bank\u00fcberweisung<\/p>\n<p>(2) Das Zahlungsmittel \u201eVorauskassa\u201c stellt hierbei ein unentgeltliches Zahlungsmittel dar. Etwaige Zusatzkosten f\u00fcr andere Zahlungsmittel sehen Sie direkt bei der Auswahl eines Zahlungsmittels.<\/p>\n<p>10. PREISE UND VERSANDKOSTEN<br \/>\n(1) Alle Preise verstehen sich inklusive aller Steuern einschlie\u00dflich Umsatzsteuer und Abgaben. Etwaige zus\u00e4tzliche Kosten f\u00fcr Lieferung, Montage oder Aufpreise auf Zahlungsmittel sind explizit beim Artikel und im Bestellvorgang ausgewiesen.<\/p>\n<p>(2) Unsere Standardversandkosten sind im Warenkorb angef\u00fchrt und werden in der Preisberechnung ber\u00fccksichtigt. Falls Sie die Lieferung in L\u00e4nder w\u00fcnschen, die nicht in der Auswahl angef\u00fchrt sind, werden wir Ihnen die Versandkosten im Anschluss an Ihre Mail-Bestellung mitteilen.<\/p>\n<p>(3) Bitte beachten Sie, dass bei Lieferungen au\u00dferhalb von \u00d6sterreich, aufgrund unterschiedlicher MwSt.-S\u00e4tze, Preisdifferenzen auftreten k\u00f6nnen. Bei einer Preisdifferenz zur automatisch berechneten Summe, auch aufgrund anderer Umst\u00e4nde wie z.B. Lieferkosten in nicht angef\u00fchrte L\u00e4nder, werden Sie im Zuge unserer Auftragsbest\u00e4tigung \u00fcber die endg\u00fcltige Gesamtsumme informiert.<\/p>\n<p>11. ABBILDUNGEN<br \/>\nS\u00e4mtliche Abbildungen von Produkten im Shop sind, sofern nicht anders angegeben, als Beispielfotos zu sehen. Im gelieferten Produkt sind Abweichungen in Gr\u00f6\u00dfe und Farbe m\u00f6glich, die auch aufgrund von Abweichungen in der Anzeige am Bildschirm auftreten k\u00f6nnen. S\u00e4mtliche Artikel werden ohne eventuell auf den Abbildungen sichtbarer Dekoration verkauft und geliefert.<\/p>\n<p>12. EIGENTUMSVORBEHALT<br \/>\nDie Ware bleibt bis zur vollst\u00e4ndigen Bezahlung unser Eigentum. Solange keine vollst\u00e4ndige Zahlung von Ihnen vorgenommen wurde, behalten wir uns vor, die gew\u00e4hlten St\u00fccke auch anderweitig zu verkaufen.<\/p>\n<p>13. ANWENDBARES RECHT<br \/>\nF\u00fcr diese Gesch\u00e4ftsbedingungen und die gesamten Rechtsbeziehungen zwischen uns und unseren Vertragspartnern gilt \u00f6sterreichisches Recht.<\/p>\n<p>14. SCHLUSSBESTIMMUNGEN<br \/>\n(1) Neben diesem Vertrag bestehen keine m\u00fcndlichen Nebenabreden \u00fcber den Vertragsgegenstand. Weitere schriftliche Vereinbarungen sind g\u00fcltig, wenn diese im Shop zur Verf\u00fcgung gestellt werden und bei Bestellung ausdr\u00fccklich akzeptiert werden.<\/p>\n<p>(2) Plattform der Europ\u00e4ischen Kommission zur Online-Streitbeilegung (OS) f\u00fcr Verbraucher:\u00a0http:\/\/ec.europa.eu\/consumers\/odr\/. Wir sind nicht bereit und nicht verpflichtet an einem Streitbeilegungsverfahren vor einer Verbraucherschlichtungsstelle teilzunehmen.<\/p>\n<p>(3) Sollten einzelne Bestimmungen dieses Vertrages unwirksam oder undurchf\u00fchrbar sein, wird die Wirksamkeit der \u00fcbrigen Bestimmungen dadurch nicht ber\u00fchrt. Die unwirksame oder undurchf\u00fchrbare Bestimmung wird durch diejenige wirksame bzw. durchf\u00fchrbare Bestimmung ersetzt, die der unwirksamen oder undurchf\u00fchrbaren Bestimmung wirtschaftlich am n\u00e4chsten kommt.<\/p>\n<p>Waidhofen\/Ybbs, am 10.03.2021<\/p>","protected":false},"excerpt":{"rendered":"<p>Allgemeine Gesch\u00e4ftsbedingungen Allgemeine Gesch\u00e4ftsbedingungen Online-Shop dernaturlehmkeramiker.at Durch Zugriff auf diesen Shop erkl\u00e4ren Sie sich mit den nachfolgenden Nutzungsbedingen (die \u201eGesch\u00e4ftsbedingungen\u201d) einverstanden. Wenn Sie mit diesen Gesch\u00e4ftsbedingungen nicht einverstanden sind, sehen Sie bitte von einer Nutzung des Shops ab. 1. EINVERST\u00c4NDNIS Josef Wieser, Der Naturlehm-Keramiker Unterzeller Stra\u00dfe 78 A-3340 Waidhofen\/Ybbs Tel +\u00a0Fax:\u00a0+43 (0) 7442 \/ 540 [&hellip;]<\/p>\n","protected":false},"author":1,"featured_media":0,"parent":0,"menu_order":2,"comment_status":"closed","ping_status":"closed","template":"","meta":{"_acf_changed":false,"footnotes":""},"class_list":["post-139","page","type-page","status-publish","hentry"],"acf":[],"yoast_head":"<!-- This site is optimized with the Yoast SEO plugin v26.8 - https:\/\/yoast.com\/product\/yoast-seo-wordpress\/ -->\n<title>AGB - Josef Wieser, der Naturlehmkeramiker<\/title>\n<meta name=\"robots\" content=\"noindex, follow\" \/>\n<meta property=\"og:locale\" content=\"en_US\" \/>\n<meta property=\"og:type\" content=\"article\" \/>\n<meta property=\"og:title\" content=\"AGB - Josef Wieser, der Naturlehmkeramiker\" \/>\n<meta property=\"og:description\" content=\"Allgemeine Gesch\u00e4ftsbedingungen Allgemeine Gesch\u00e4ftsbedingungen Online-Shop dernaturlehmkeramiker.at Durch Zugriff auf diesen Shop erkl\u00e4ren Sie sich mit den nachfolgenden Nutzungsbedingen (die \u201eGesch\u00e4ftsbedingungen\u201d) einverstanden. Wenn Sie mit diesen Gesch\u00e4ftsbedingungen nicht einverstanden sind, sehen Sie bitte von einer Nutzung des Shops ab. 1. EINVERST\u00c4NDNIS Josef Wieser, Der Naturlehm-Keramiker Unterzeller Stra\u00dfe 78 A-3340 Waidhofen\/Ybbs Tel +\u00a0Fax:\u00a0+43 (0) 7442 \/ 540 [&hellip;]\" \/>\n<meta property=\"og:url\" content=\"https:\/\/shop.dernaturlehmkeramiker.at\/en\/agb\/\" \/>\n<meta property=\"og:site_name\" content=\"Josef Wieser, der Naturlehmkeramiker\" \/>\n<meta property=\"article:modified_time\" content=\"2021-03-15T14:57:37+00:00\" \/>\n<meta name=\"twitter:card\" content=\"summary_large_image\" \/>\n<meta name=\"twitter:label1\" content=\"Est. reading time\" \/>\n\t<meta name=\"twitter:data1\" content=\"4 minutes\" \/>\n<script type=\"application\/ld+json\" class=\"yoast-schema-graph\">{\"@context\":\"https:\/\/schema.org\",\"@graph\":[{\"@type\":\"WebPage\",\"@id\":\"https:\/\/shop.dernaturlehmkeramiker.at\/agb\/\",\"url\":\"https:\/\/shop.dernaturlehmkeramiker.at\/agb\/\",\"name\":\"AGB - Josef Wieser, der Naturlehmkeramiker\",\"isPartOf\":{\"@id\":\"https:\/\/shop.dernaturlehmkeramiker.at\/#website\"},\"datePublished\":\"2021-03-10T14:31:56+00:00\",\"dateModified\":\"2021-03-15T14:57:37+00:00\",\"breadcrumb\":{\"@id\":\"https:\/\/shop.dernaturlehmkeramiker.at\/agb\/#breadcrumb\"},\"inLanguage\":\"en-US\",\"potentialAction\":[{\"@type\":\"ReadAction\",\"target\":[\"https:\/\/shop.dernaturlehmkeramiker.at\/agb\/\"]}]},{\"@type\":\"BreadcrumbList\",\"@id\":\"https:\/\/shop.dernaturlehmkeramiker.at\/agb\/#breadcrumb\",\"itemListElement\":[{\"@type\":\"ListItem\",\"position\":1,\"name\":\"Startseite \u00bb Online-Shop\",\"item\":\"https:\/\/shop.dernaturlehmkeramiker.at\/\"},{\"@type\":\"ListItem\",\"position\":2,\"name\":\"AGB\"}]},{\"@type\":\"WebSite\",\"@id\":\"https:\/\/shop.dernaturlehmkeramiker.at\/#website\",\"url\":\"https:\/\/shop.dernaturlehmkeramiker.at\/\",\"name\":\"Josef Wieser, der Naturlehmkeramiker\",\"description\":\"\",\"potentialAction\":[{\"@type\":\"SearchAction\",\"target\":{\"@type\":\"EntryPoint\",\"urlTemplate\":\"https:\/\/shop.dernaturlehmkeramiker.at\/?s={search_term_string}\"},\"query-input\":{\"@type\":\"PropertyValueSpecification\",\"valueRequired\":true,\"valueName\":\"search_term_string\"}}],\"inLanguage\":\"en-US\"}]}<\/script>\n<!-- \/ Yoast SEO plugin. -->","yoast_head_json":{"title":"AGB - Josef Wieser, der Naturlehmkeramiker","robots":{"index":"noindex","follow":"follow"},"og_locale":"en_US","og_type":"article","og_title":"AGB - Josef Wieser, der Naturlehmkeramiker","og_description":"Allgemeine Gesch\u00e4ftsbedingungen Allgemeine Gesch\u00e4ftsbedingungen Online-Shop dernaturlehmkeramiker.at Durch Zugriff auf diesen Shop erkl\u00e4ren Sie sich mit den nachfolgenden Nutzungsbedingen (die \u201eGesch\u00e4ftsbedingungen\u201d) einverstanden. Wenn Sie mit diesen Gesch\u00e4ftsbedingungen nicht einverstanden sind, sehen Sie bitte von einer Nutzung des Shops ab. 1. EINVERST\u00c4NDNIS Josef Wieser, Der Naturlehm-Keramiker Unterzeller Stra\u00dfe 78 A-3340 Waidhofen\/Ybbs Tel +\u00a0Fax:\u00a0+43 (0) 7442 \/ 540 [&hellip;]","og_url":"https:\/\/shop.dernaturlehmkeramiker.at\/en\/agb\/","og_site_name":"Josef Wieser, der Naturlehmkeramiker","article_modified_time":"2021-03-15T14:57:37+00:00","twitter_card":"summary_large_image","twitter_misc":{"Est. reading time":"4 minutes"},"schema":{"@context":"https:\/\/schema.org","@graph":[{"@type":"WebPage","@id":"https:\/\/shop.dernaturlehmkeramiker.at\/agb\/","url":"https:\/\/shop.dernaturlehmkeramiker.at\/agb\/","name":"AGB - Josef Wieser, der Naturlehmkeramiker","isPartOf":{"@id":"https:\/\/shop.dernaturlehmkeramiker.at\/#website"},"datePublished":"2021-03-10T14:31:56+00:00","dateModified":"2021-03-15T14:57:37+00:00","breadcrumb":{"@id":"https:\/\/shop.dernaturlehmkeramiker.at\/agb\/#breadcrumb"},"inLanguage":"en-US","potentialAction":[{"@type":"ReadAction","target":["https:\/\/shop.dernaturlehmkeramiker.at\/agb\/"]}]},{"@type":"BreadcrumbList","@id":"https:\/\/shop.dernaturlehmkeramiker.at\/agb\/#breadcrumb","itemListElement":[{"@type":"ListItem","position":1,"name":"Startseite \u00bb Online-Shop","item":"https:\/\/shop.dernaturlehmkeramiker.at\/"},{"@type":"ListItem","position":2,"name":"AGB"}]},{"@type":"WebSite","@id":"https:\/\/shop.dernaturlehmkeramiker.at\/#website","url":"https:\/\/shop.dernaturlehmkeramiker.at\/","name":"Josef Wieser, the natural clay ceramist","description":"","potentialAction":[{"@type":"SearchAction","target":{"@type":"EntryPoint","urlTemplate":"https:\/\/shop.dernaturlehmkeramiker.at\/?s={search_term_string}"},"query-input":{"@type":"PropertyValueSpecification","valueRequired":true,"valueName":"search_term_string"}}],"inLanguage":"en-US"}]}},"_links":{"self":[{"href":"https:\/\/shop.dernaturlehmkeramiker.at\/en\/wp-json\/wp\/v2\/pages\/139","targetHints":{"allow":["GET"]}}],"collection":[{"href":"https:\/\/shop.dernaturlehmkeramiker.at\/en\/wp-json\/wp\/v2\/pages"}],"about":[{"href":"https:\/\/shop.dernaturlehmkeramiker.at\/en\/wp-json\/wp\/v2\/types\/page"}],"author":[{"embeddable":true,"href":"https:\/\/shop.dernaturlehmkeramiker.at\/en\/wp-json\/wp\/v2\/users\/1"}],"replies":[{"embeddable":true,"href":"https:\/\/shop.dernaturlehmkeramiker.at\/en\/wp-json\/wp\/v2\/comments?post=139"}],"version-history":[{"count":4,"href":"https:\/\/shop.dernaturlehmkeramiker.at\/en\/wp-json\/wp\/v2\/pages\/139\/revisions"}],"predecessor-version":[{"id":221,"href":"https:\/\/shop.dernaturlehmkeramiker.at\/en\/wp-json\/wp\/v2\/pages\/139\/revisions\/221"}],"wp:attachment":[{"href":"https:\/\/shop.dernaturlehmkeramiker.at\/en\/wp-json\/wp\/v2\/media?parent=139"}],"curies":[{"name":"wp","href":"https:\/\/api.w.org\/{rel}","templated":true}]}}